{"id":70,"date":"2017-11-06T20:47:45","date_gmt":"2017-11-06T20:47:45","guid":{"rendered":"http:\/\/olyoly.de\/?page_id=70"},"modified":"2020-01-23T21:51:57","modified_gmt":"2020-01-23T21:51:57","slug":"uber-uns","status":"publish","type":"page","link":"https:\/\/juli-restaurants.de\/?page_id=70","title":{"rendered":"\u00dcber uns"},"content":{"rendered":"<h3>Herzlich Willkommen im Restaurant Juli am Hirschgarten.<\/h3>\n<h3>In China ist Gastfreundschaft eine besondere Tradition. Das Restaurant Juli erfreut Dich mit vielf\u00e4ltiger chinesischer K\u00fcche.<\/h3>\n<h3>Wenn Sie gerne chinesisch essen, dann sind Sie bei uns richtig.\u00a0W\u00e4hlen Sie Ihre Lieblingsspeise direkt aus der Karte.<\/h3>\n<h3>Gerne richten wir f\u00fcr Sie auch Firmenfeiern, Geburtstage, Hochzeiten und Events mit chinesischer Spezialit\u00e4tenk\u00fcche aus.<\/h3>\n<p>\u00a0<\/p>\n<table style=\"border: none !important\">\n<tbody>\n<tr style=\"border: none !important\">\n<td style=\"border: none !important\">Hier finden Sie uns:<\/td>\n<td style=\"border: none !important\">Wir haben t\u00e4glich f\u00fcr Sie ge\u00f6ffnet.<\/td>\n<\/tr>\n<tr>\n<td style=\"border: none !important\">Schlo\u00dfschmidtstr. 5<br \/> 80396 M\u00fcnchen<\/td>\n<td style=\"border: none !important\">Mo. \u2013 So. 10.30 \u2013 15.00 Uhr<br \/> Mo. \u2013 So. 17:30\u2013 23.00 Uhr<\/td>\n<\/tr>\n<\/tbody>\n<\/table>\n<p>Reservierungs-Tel: 089\/95445916<\/p>\n","protected":false},"excerpt":{"rendered":"<p>Herzlich Willkommen im Restaurant Juli am Hirschga [&hellip;]<\/p>\n","protected":false},"author":1,"featured_media":0,"parent":0,"menu_order":0,"comment_status":"closed","ping_status":"closed","template":"","meta":{"footnotes":""},"class_list":["post-70","page","type-page","status-publish","hentry"],"_links":{"self":[{"href":"https:\/\/juli-restaurants.de\/index.php?rest_route=\/wp\/v2\/pages\/70","targetHints":{"allow":["GET"]}}],"collection":[{"href":"https:\/\/juli-restaurants.de\/index.php?rest_route=\/wp\/v2\/pages"}],"about":[{"href":"https:\/\/juli-restaurants.de\/index.php?rest_route=\/wp\/v2\/types\/page"}],"author":[{"embeddable":true,"href":"https:\/\/juli-restaurants.de\/index.php?rest_route=\/wp\/v2\/users\/1"}],"replies":[{"embeddable":true,"href":"https:\/\/juli-restaurants.de\/index.php?rest_route=%2Fwp%2Fv2%2Fcomments&post=70"}],"version-history":[{"count":12,"href":"https:\/\/juli-restaurants.de\/index.php?rest_route=\/wp\/v2\/pages\/70\/revisions"}],"predecessor-version":[{"id":149,"href":"https:\/\/juli-restaurants.de\/index.php?rest_route=\/wp\/v2\/pages\/70\/revisions\/149"}],"wp:attachment":[{"href":"https:\/\/juli-restaurants.de\/index.php?rest_route=%2Fwp%2Fv2%2Fmedia&parent=70"}],"curies":[{"name":"wp","href":"https:\/\/api.w.org\/{rel}","templated":true}]}}